{"id":82,"date":"2025-09-20T12:48:59","date_gmt":"2025-09-20T10:48:59","guid":{"rendered":"https:\/\/apzd.fr\/?page_id=82"},"modified":"2025-12-16T21:47:36","modified_gmt":"2025-12-16T20:47:36","slug":"articles","status":"publish","type":"page","link":"https:\/\/apzd.fr\/index.php\/articles\/","title":{"rendered":"Notre actualit\u00e9"},"content":{"rendered":"\n<div class=\"wp-block-query alignwide is-layout-constrained wp-block-query-is-layout-constrained\"><ul class=\"alignwide wp-block-post-template is-layout-flow wp-block-post-template-is-layout-flow\"><li class=\"wp-block-post post-76 post type-post status-publish format-standard has-post-thumbnail hentry category-actualite tag-isdd tag-suez\">\n\n<div class=\"wp-block-group is-layout-constrained wp-block-group-is-layout-constrained\"><h2 class=\"alignwide wp-block-post-title has-var-wp-custom-typography-font-size-huge-clamp-2-25-rem-4-vw-2-75-rem-font-size\"><a href=\"https:\/\/apzd.fr\/index.php\/2025\/03\/17\/pourquoi-apzd-soppose-au-projet-dextension-de-lisdd-sur-le-pin\/\" target=\"_self\" >Pourquoi APZD s&#8217;oppose au projet d&#8217;extension de l&#8217;ISDD sur Le Pin<\/a><\/h2>\n\n<figure style=\"margin-top:calc(1.75 * var(--wp--style--block-gap));\" class=\"alignwide wp-block-post-featured-image\"><a href=\"https:\/\/apzd.fr\/index.php\/2025\/03\/17\/pourquoi-apzd-soppose-au-projet-dextension-de-lisdd-sur-le-pin\/\" target=\"_self\"  ><img loading=\"lazy\" decoding=\"async\" width=\"1920\" height=\"707\" src=\"https:\/\/apzd.fr\/wp-content\/uploads\/2025\/03\/ISDD_villeparisis.jpg\" class=\"attachment-post-thumbnail size-post-thumbnail wp-post-image\" alt=\"Pourquoi APZD s&#8217;oppose au projet d&#8217;extension de l&#8217;ISDD sur Le Pin\" style=\"object-fit:cover;\" srcset=\"https:\/\/apzd.fr\/wp-content\/uploads\/2025\/03\/ISDD_villeparisis.jpg 1920w, https:\/\/apzd.fr\/wp-content\/uploads\/2025\/03\/ISDD_villeparisis-300x110.jpg 300w, https:\/\/apzd.fr\/wp-content\/uploads\/2025\/03\/ISDD_villeparisis-1024x377.jpg 1024w, https:\/\/apzd.fr\/wp-content\/uploads\/2025\/03\/ISDD_villeparisis-768x283.jpg 768w, https:\/\/apzd.fr\/wp-content\/uploads\/2025\/03\/ISDD_villeparisis-1536x566.jpg 1536w\" sizes=\"auto, (max-width: 1920px) 100vw, 1920px\" \/><\/a><\/figure>\n\n\n<div class=\"wp-block-columns alignwide is-layout-flex wp-container-core-columns-is-layout-28f84493 wp-block-columns-is-layout-flex\">\n<div class=\"wp-block-column is-layout-flow wp-block-column-is-layout-flow\" style=\"flex-basis:650px\"><div class=\"wp-block-post-excerpt\"><p class=\"wp-block-post-excerpt__excerpt\">D\u00e9but mars, Action Pinoise Z\u00e9ro D\u00e9chet publie une p\u00e9tition en ligne (https:\/\/chng.it\/RMnWcKKx45) Samedi 15 mars 2024 s&#8217;est tenue une manifestation publique devant la mairie de Le Pin. Plusieurs associations locales se sont associ\u00e9es pour formuler un avis n\u00e9gatif lors de la cloture de l&#8217;enqu\u00eate publique. Qu&#8217;est-ce que ce projet d&#8217;extension d&#8217;ISDD ? Qu&#8217;est-ce que c&#8217;\u00e9tait,&hellip; <\/p><\/div>\n\n<div style=\"font-style:italic;font-weight:400;\" class=\"wp-block-post-date has-small-font-size\"><time datetime=\"2025-03-17T10:13:51+01:00\"><a href=\"https:\/\/apzd.fr\/index.php\/2025\/03\/17\/pourquoi-apzd-soppose-au-projet-dextension-de-lisdd-sur-le-pin\/\">March 17, 2025<\/a><\/time><\/div><\/div>\n\n\n\n<div class=\"wp-block-column is-layout-flow wp-block-column-is-layout-flow\"><\/div>\n<\/div>\n\n\n\n<div style=\"height:16px\" aria-hidden=\"true\" class=\"wp-block-spacer\"><\/div>\n\n\n\n<hr class=\"wp-block-separator has-css-opacity alignwide is-style-wide\"\/>\n\n\n\n<div style=\"height:16px\" aria-hidden=\"true\" class=\"wp-block-spacer\"><\/div>\n<\/div>\n\n<\/li><\/ul>\n\n<\/div>\n\n\n\n<p><\/p>\n","protected":false},"excerpt":{"rendered":"","protected":false},"author":1,"featured_media":0,"parent":0,"menu_order":0,"comment_status":"closed","ping_status":"closed","template":"","meta":{"iawp_total_views":5,"footnotes":""},"class_list":["post-82","page","type-page","status-publish","hentry"],"_links":{"self":[{"href":"https:\/\/apzd.fr\/index.php\/wp-json\/wp\/v2\/pages\/82","targetHints":{"allow":["GET"]}}],"collection":[{"href":"https:\/\/apzd.fr\/index.php\/wp-json\/wp\/v2\/pages"}],"about":[{"href":"https:\/\/apzd.fr\/index.php\/wp-json\/wp\/v2\/types\/page"}],"author":[{"embeddable":true,"href":"https:\/\/apzd.fr\/index.php\/wp-json\/wp\/v2\/users\/1"}],"replies":[{"embeddable":true,"href":"https:\/\/apzd.fr\/index.php\/wp-json\/wp\/v2\/comments?post=82"}],"version-history":[{"count":6,"href":"https:\/\/apzd.fr\/index.php\/wp-json\/wp\/v2\/pages\/82\/revisions"}],"predecessor-version":[{"id":133,"href":"https:\/\/apzd.fr\/index.php\/wp-json\/wp\/v2\/pages\/82\/revisions\/133"}],"wp:attachment":[{"href":"https:\/\/apzd.fr\/index.php\/wp-json\/wp\/v2\/media?parent=82"}],"curies":[{"name":"wp","href":"https:\/\/api.w.org\/{rel}","templated":true}]}}