{"id":35,"date":"2024-05-04T16:47:24","date_gmt":"2024-05-04T14:47:24","guid":{"rendered":"https:\/\/apzd.fr\/?page_id=35"},"modified":"2024-05-04T16:47:24","modified_gmt":"2024-05-04T14:47:24","slug":"les-5r","status":"publish","type":"page","link":"https:\/\/apzd.fr\/index.php\/les-5r\/","title":{"rendered":"Les &#8220;5R&#8221;"},"content":{"rendered":"\n<p>Peut-\u00eatre avez-vous rencontr\u00e9 cette mention quelque part sur internet ou au d\u00e9tour d&#8217;une conversation. C&#8217;est un incontournable du th\u00e8me &#8220;z\u00e9ro d\u00e9chet&#8221;.<\/p>\n\n\n<h3 class=\"wp-block-heading\" id=\"questce-que-cest\">Qu&#8217;est-ce que c&#8217;est ?<\/h3>\n\n\n<p>&#8220;La r\u00e8gle des 5R&#8221; est un <span style=\"text-decoration: underline;\">outil d&#8217;aide \u00e0 la d\u00e9cision<\/span>, qui aide \u00e0 r\u00e9duire la production de d\u00e9chets. Cet outil peut aussi bien s&#8217;appliquer \u00e0 des organisations (entreprises, associations, familles, etc&#8230;) qu&#8217;\u00e0 des individus.<\/p>\n\n\n\n<p>L&#8217;outil nous propose 5 &#8220;<span style=\"text-decoration: underline;\">intentions<\/span>&#8221; par paliers. Ces intentions nous aident \u00e0 nous poser les bonnes questions dans toutes les situations o\u00f9 on chercherait \u00e0 r\u00e9duire nos d\u00e9chets.<\/p>\n\n\n<h3 class=\"wp-block-heading\" id=\"quels-sont-les-5r\">Quels sont les 5R ?<\/h3>\n\n\n<p>Les 5R peuvent s&#8217;\u00e9noncer sous la forme suivante :<\/p>\n\n\n<h4 class=\"wp-block-heading\" id=\"refuser\"><strong>R<\/strong>efuser<\/h4>\n\n\n<p>Refuser quelque chose dont nous n&#8217;avons pas besoin ou renoncer \u00e0 un produit utile mais qui occasionnerait vraiment trop de d\u00e9chets.<\/p>\n\n\n\n<p class=\"has-secondary-background-color has-background has-small-font-size\"><em><img loading=\"lazy\" decoding=\"async\" width=\"16\" height=\"16\" class=\"wp-image-38\" style=\"width: 16px;\" src=\"http:\/\/apzd.fr\/wp-content\/uploads\/2024\/05\/info_FILL0_wght400_GRAD0_opsz24.png\" alt=\"\"> Ai-je vraiment besoin d&#8217;acheter un nouveau smartphone ?<\/em><\/p>\n\n\n\n<p>Il peut \u00e9galement s&#8217;agir d&#8217;un refus partiel. Par exemple accepter un produit sous conditions.<\/p>\n\n\n\n<p class=\"has-secondary-background-color has-background has-small-font-size\"><img loading=\"lazy\" decoding=\"async\" width=\"16\" height=\"16\" class=\"wp-image-38\" style=\"width: 16px;\" src=\"http:\/\/apzd.fr\/wp-content\/uploads\/2024\/05\/info_FILL0_wght400_GRAD0_opsz24.png\" alt=\"\"> <em>Mes enfants aiment bien les &#8220;biscuits avec &#8220;petits \u00e9coliers&#8221;. Mais est-ce vraiment n\u00e9cessaire qu&#8217;ils soient dans un blister, sous plastique individuel, dans une bo\u00eete en carton, lui-m\u00eame sous plastique ? Je peux refuser d&#8217;acheter ce produit sous cette forme, mais accepter de l&#8217;acheter en vrac.<\/em><\/p>\n\n\n<h4 class=\"wp-block-heading\" id=\"reduire\"><strong>R<\/strong>\u00e9duire<\/h4>\n\n\n<p><em>Ce que je ne suis pas capable de refuser<\/em>, je vais essayer d&#8217;en <span style=\"text-decoration: underline;\">r\u00e9duire la consommation<\/span>. Ou au moins r\u00e9duire les d\u00e9chets associ\u00e9s \u00e0 ce produit.<\/p>\n\n\n\n<p class=\"has-secondary-background-color has-background has-small-font-size\"><img loading=\"lazy\" decoding=\"async\" width=\"16\" height=\"16\" class=\"wp-image-38\" style=\"width: 16px;\" src=\"http:\/\/apzd.fr\/wp-content\/uploads\/2024\/05\/info_FILL0_wght400_GRAD0_opsz24.png\" alt=\"\"> <em>Je suis accroc au coca ; pas bon pour ma sant\u00e9 et pas bon pour la plan\u00e8te. Et si j&#8217;en achetais moins ? \u00c0 d\u00e9faut, peut-\u00eatre puis-je le trouver dans des bouteilles en verre ? Consignables ? Ou bien investir dans une fontaine pour le fabriquer moi-m\u00eame et \u00e9viter les bouteilles plastiques ?<\/em><\/p>\n\n\n<h4 class=\"wp-block-heading\" id=\"reutiliser\"><strong>R<\/strong>\u00e9utiliser<\/h4>\n\n\n<p><em>J&#8217;en ai besoin<\/em> ou tr\u00e8s envie,<em> j&#8217;ai d\u00e9j\u00e0 r\u00e9duit ma consommation ou je ne veux pas faire moins,<\/em> peut-\u00eatre puis-je <span style=\"text-decoration: underline;\">r\u00e9utiliser une ressource existante<\/span> pour pallier \u00e0 mon besoin ? Ceci afin d&#8217;\u00e9viter de produire une <em>ressource suppl\u00e9mentaire<\/em> qui g\u00e9n\u00e9rerait encore plus de d\u00e9chets.<\/p>\n\n\n\n<p class=\"has-secondary-background-color has-background has-small-font-size\"><img loading=\"lazy\" decoding=\"async\" width=\"16\" height=\"16\" class=\"wp-image-38\" style=\"width: 16px;\" src=\"http:\/\/apzd.fr\/wp-content\/uploads\/2024\/05\/info_FILL0_wght400_GRAD0_opsz24.png\" alt=\"\"> <em>Mon enfant a besoin de ce smartphone car il rentre au lyc\u00e9e \u00e0 20 minutes en transports de la maison. Plut\u00f4t que d&#8217;en acheter un neuf, peut-\u00eatre qu&#8217;un membre de la famille a un smartphone en bon \u00e9tat dans ses tiroirs ? \u00c0 d\u00e9faut, je peux en acheter un d&#8217;occasion ou reconditionn\u00e9 ?<\/em><\/p>\n\n\n\n<p>R\u00e9utiliser peut \u00e9galement consister \u00e0 <strong>r\u00e9parer un objet existant<\/strong>, ou encore \u00e0 <strong>d\u00e9tourner l&#8217;usage<\/strong> primaire d&#8217;un objet pour en faire autre chose.<\/p>\n\n\n\n<p class=\"has-secondary-background-color has-background has-small-font-size\"><img loading=\"lazy\" decoding=\"async\" width=\"16\" height=\"16\" class=\"wp-image-38\" style=\"width: 16px;\" src=\"http:\/\/apzd.fr\/wp-content\/uploads\/2024\/05\/info_FILL0_wght400_GRAD0_opsz24.png\" alt=\"\"> <em>Dans mon bureau, j&#8217;aime bien \u00e9couter de la musique. J&#8217;ai \u00e9t\u00e9 r\u00e9cup\u00e9rer ma vieille cha\u00eene st\u00e9r\u00e9o de quand j&#8217;avais 13 ans. Les lecteurs CD\/K7 et la radio ne marchent plus (et de toute fa\u00e7on je n&#8217;ai plus de CD), mais les enceintes et l&#8217;ampli sont encore en super bon \u00e9tat ; et il y a un port RCA qui permettait initialement de brancher un lecteur VHS dessus (pour diffuser le son de la vid\u00e9o sur les enceintes). En utilisant un petit adaptateur, j&#8217;ai pu brancher mon vieux smartphone dont l&#8217;antenne 3G avait grill\u00e9, mais qui fonctionne encore en wifi. J&#8217;ai maintenant une enceinte connect\u00e9e++ qui me permet de piloter \u00e0 distance mes playlists, pour 0\u20ac et exactement z\u00e9ro d\u00e9chet (j&#8217;ai m\u00eame \u00e9vit\u00e9 de jeter mon vieux smartphone et ma vieille cha\u00eene st\u00e9r\u00e9o)<\/em>.<\/p>\n\n\n<h4 class=\"wp-block-heading\" id=\"rendre-a-la-terre\"><strong>R<\/strong>endre \u00e0 la terre<\/h4>\n\n\n<p><em>J&#8217;ai \u00e9mis un d\u00e9chet et je ne peux pas le r\u00e9utiliser<\/em>. Dans la mesure du possible, je vais essayer de le rendre \u00e0 la terre. Fonctionne tr\u00e8s bien pour tout ce qui est organique, surtout quand c&#8217;est compostable. Les poules peuvent aussi \u00eatre d&#8217;une grande aide.<\/p>\n\n\n\n<p class=\"has-foreground-color has-tertiary-background-color has-text-color has-background has-link-color has-small-font-size wp-elements-ea2e5251085aa6a53cd9ecede10a5c4b\"><img loading=\"lazy\" decoding=\"async\" width=\"16\" height=\"16\" class=\"wp-image-38\" style=\"width: 16px;\" src=\"http:\/\/apzd.fr\/wp-content\/uploads\/2024\/05\/info_FILL0_wght400_GRAD0_opsz24.png\" alt=\"\"> <strong>Infos utiles :<\/strong> la CCPMF (77) distribue gratuitement un couple de poules par an pour ses administr\u00e9s. <\/p>\n\n\n\n<p>Depuis 2023, les villes de la CCPFM sont d\u00e9sormais \u00e9quip\u00e9es de poubelles \u00e0 biod\u00e9chets, pour tout ce qu&#8217;on n&#8217;a pas envie de composter chez soi (par exemple les restes de viandes, peaux d&#8217;agrumes, etc&#8230;)<\/p>\n\n\n<h4 class=\"wp-block-heading\" id=\"recycler\"><strong>R<\/strong>ecycler<\/h4>\n\n\n<p>Tout d\u00e9chet que je n&#8217;ai pas pu \u00e9viter, je vais m&#8217;efforcer de le recycler. Ce n&#8217;est pas une solution parfaite mais c&#8217;est mieux que d&#8217;envoyer ce d\u00e9chet dans un bassin.<\/p>\n\n\n<h2 class=\"wp-block-heading\" id=\"limites-du-modele\">Limites du mod\u00e8le<\/h2>\n\n\n<p>Cet ensemble de r\u00e8gles est juste un outil. Il est utile si on l&#8217;utilise \u00e0 bon escient. Il ne sert pas \u00e0 culpabiliser son utilisateur, mais il peut aider \u00e0 arbitrer des choix lorsque ceux-ci ne sont pas \u00e9vidents.<\/p>\n\n\n\n<p>Autre point important, le syst\u00e8me de &#8220;paliers&#8221;. On part toujours du palier 1 (refuser) pour aller vers le palier 5 (recycler). <\/p>\n\n\n\n<p class=\"has-tertiary-background-color has-background has-small-font-size\"><img loading=\"lazy\" decoding=\"async\" width=\"16\" height=\"16\" class=\"wp-image-38\" style=\"width: 16px;\" src=\"http:\/\/apzd.fr\/wp-content\/uploads\/2024\/05\/info_FILL0_wght400_GRAD0_opsz24.png\" alt=\"\"> Par exemple, ce serait un d\u00e9tournement de se dire : &#8220;je vais acheter 5 paniers de fraises, m\u00eame si on ne les mange pas, car de toute fa\u00e7on j&#8217;ai un composteur&#8221;. Il ne faut pas oublier l&#8217;intention : oui, composter permet de limiter certains gaspillages, mais il ne faut pas oublier que la production desdites fraises a co\u00fbt\u00e9 de l&#8217;eau, de la main d&#8217;oeuvre et du mat\u00e9riel. L&#8217;intention initiale \u00e9tait d&#8217;\u00e9viter le gaspillage, donc dans l&#8217;ordre, l&#8217;outil nous encourage \u00e0 dire :<br>&#8211; en ai-je besoin ? (oui j&#8217;ai besoin de nourrir ma famille et j&#8217;ai envie de manger des fraises)<br>&#8211; ai-je besoin de 5 paniers ? (non, j&#8217;ai seulement besoin de 2 paniers)<br>&#8230;et le gaspillage n&#8217;arrivera pas.<\/p>\n\n\n\n<p><\/p>\n","protected":false},"excerpt":{"rendered":"<p>Peut-\u00eatre avez-vous rencontr\u00e9 cette mention quelque part sur internet ou au d\u00e9tour d&#8217;une conversation. C&#8217;est un incontournable du th\u00e8me &#8220;z\u00e9ro d\u00e9chet&#8221;. Qu&#8217;est-ce que c&#8217;est ? &#8220;La r\u00e8gle des 5R&#8221; est un outil d&#8217;aide \u00e0 la d\u00e9cision, qui aide \u00e0 r\u00e9duire la production de d\u00e9chets. Cet outil peut aussi bien s&#8217;appliquer \u00e0 des organisations (entreprises, associations, [&hellip;]<\/p>\n","protected":false},"author":1,"featured_media":0,"parent":0,"menu_order":0,"comment_status":"closed","ping_status":"closed","template":"","meta":{"iawp_total_views":20,"footnotes":""},"class_list":["post-35","page","type-page","status-publish","hentry"],"_links":{"self":[{"href":"https:\/\/apzd.fr\/index.php\/wp-json\/wp\/v2\/pages\/35","targetHints":{"allow":["GET"]}}],"collection":[{"href":"https:\/\/apzd.fr\/index.php\/wp-json\/wp\/v2\/pages"}],"about":[{"href":"https:\/\/apzd.fr\/index.php\/wp-json\/wp\/v2\/types\/page"}],"author":[{"embeddable":true,"href":"https:\/\/apzd.fr\/index.php\/wp-json\/wp\/v2\/users\/1"}],"replies":[{"embeddable":true,"href":"https:\/\/apzd.fr\/index.php\/wp-json\/wp\/v2\/comments?post=35"}],"version-history":[{"count":3,"href":"https:\/\/apzd.fr\/index.php\/wp-json\/wp\/v2\/pages\/35\/revisions"}],"predecessor-version":[{"id":47,"href":"https:\/\/apzd.fr\/index.php\/wp-json\/wp\/v2\/pages\/35\/revisions\/47"}],"wp:attachment":[{"href":"https:\/\/apzd.fr\/index.php\/wp-json\/wp\/v2\/media?parent=35"}],"curies":[{"name":"wp","href":"https:\/\/api.w.org\/{rel}","templated":true}]}}