{"id":26,"date":"2024-04-28T16:29:36","date_gmt":"2024-04-28T14:29:36","guid":{"rendered":"https:\/\/apzd.fr\/?page_id=26"},"modified":"2026-02-27T13:49:24","modified_gmt":"2026-02-27T12:49:24","slug":"qui-sommes-nous","status":"publish","type":"page","link":"https:\/\/apzd.fr\/index.php\/qui-sommes-nous\/","title":{"rendered":"Qui sommes-nous ?"},"content":{"rendered":"\n<p>Situ\u00e9s dans la commune de Le Pin (77181), nous sommes une petite association locale qui cherche \u00e0 r\u00e9duire les d\u00e9chets \u00e0 Le Pin et dans ses environs.<\/p>\n\n\n\n<p>Convaincus que tout changement d&#8217;\u00e9chelle commence par des initiatives locales, nous nous effor\u00e7ons d&#8217;agir au sein de notre commune pour accompagner les changements d&#8217;habitudes li\u00e9s \u00e0 la production de d\u00e9chets.<\/p>\n\n\n\n<p>En-dehors des actions que nous menons sur le territoire de Le Pin, nous nous r\u00e9unissons un mardi par mois pour \u00e9changer des astuces Z\u00e9ro D\u00e9chet, partager de bons moments de convivialit\u00e9, et des ateliers DIY.<\/p>\n\n\n\n<div class=\"wp-block-buttons is-layout-flex wp-block-buttons-is-layout-flex\"><\/div>\n\n\n<h3 class=\"wp-block-heading\" id=\"contact\">Contact<\/h3>\n\n\n<p>Vous pouvez nous joindre par email \u00e0 <a href=\"mailto:contact@apzd.fr\"><strong>contact@apzd.fr<\/strong><\/a> ou bien depuis <a href=\"https:\/\/www.facebook.com\/ActionPinoiseZeroDechet\"><strong>notre page facebook<\/strong><\/a> en cliquant le bouton ci-dessous.<\/p>\n\n\n\n<ul class=\"wp-block-social-links is-content-justification-center is-layout-flex wp-container-core-social-links-is-layout-a89b3969 wp-block-social-links-is-layout-flex\"><li class=\"wp-social-link wp-social-link-facebook  wp-block-social-link\"><a href=\"https:\/\/www.facebook.com\/ActionPinoiseZeroDechet\" class=\"wp-block-social-link-anchor\"><svg width=\"24\" height=\"24\" viewBox=\"0 0 24 24\" version=\"1.1\" xmlns=\"http:\/\/www.w3.org\/2000\/svg\" aria-hidden=\"true\" focusable=\"false\"><path d=\"M12 2C6.5 2 2 6.5 2 12c0 5 3.7 9.1 8.4 9.9v-7H7.9V12h2.5V9.8c0-2.5 1.5-3.9 3.8-3.9 1.1 0 2.2.2 2.2.2v2.5h-1.3c-1.2 0-1.6.8-1.6 1.6V12h2.8l-.4 2.9h-2.3v7C18.3 21.1 22 17 22 12c0-5.5-4.5-10-10-10z\"><\/path><\/svg><span class=\"wp-block-social-link-label screen-reader-text\">Facebook<\/span><\/a><\/li><\/ul>\n\n\n<h3 class=\"wp-block-heading\" id=\"dates-et-horaires\">Dates et horaires<\/h3>\n\n\n<p>Pour toute information \u00e0 propos des r\u00e9unions mensuelles, \u00e7a se passe \u00e9galement sur notre page Facebook. Pensez \u00e0 nous pr\u00e9venir par mail si vous comptez nous visiter !<\/p>\n\n\n\n<p><\/p>\n","protected":false},"excerpt":{"rendered":"<p>Situ\u00e9s dans la commune de Le Pin (77181), nous sommes une petite association locale qui cherche \u00e0 r\u00e9duire les d\u00e9chets \u00e0 Le Pin et dans ses environs. Convaincus que tout changement d&#8217;\u00e9chelle commence par des initiatives locales, nous nous effor\u00e7ons d&#8217;agir au sein de notre commune pour accompagner les changements d&#8217;habitudes li\u00e9s \u00e0 la production [&hellip;]<\/p>\n","protected":false},"author":1,"featured_media":32,"parent":0,"menu_order":0,"comment_status":"closed","ping_status":"closed","template":"","meta":{"iawp_total_views":27,"footnotes":""},"class_list":["post-26","page","type-page","status-publish","has-post-thumbnail","hentry"],"_links":{"self":[{"href":"https:\/\/apzd.fr\/index.php\/wp-json\/wp\/v2\/pages\/26","targetHints":{"allow":["GET"]}}],"collection":[{"href":"https:\/\/apzd.fr\/index.php\/wp-json\/wp\/v2\/pages"}],"about":[{"href":"https:\/\/apzd.fr\/index.php\/wp-json\/wp\/v2\/types\/page"}],"author":[{"embeddable":true,"href":"https:\/\/apzd.fr\/index.php\/wp-json\/wp\/v2\/users\/1"}],"replies":[{"embeddable":true,"href":"https:\/\/apzd.fr\/index.php\/wp-json\/wp\/v2\/comments?post=26"}],"version-history":[{"count":5,"href":"https:\/\/apzd.fr\/index.php\/wp-json\/wp\/v2\/pages\/26\/revisions"}],"predecessor-version":[{"id":141,"href":"https:\/\/apzd.fr\/index.php\/wp-json\/wp\/v2\/pages\/26\/revisions\/141"}],"wp:featuredmedia":[{"embeddable":true,"href":"https:\/\/apzd.fr\/index.php\/wp-json\/wp\/v2\/media\/32"}],"wp:attachment":[{"href":"https:\/\/apzd.fr\/index.php\/wp-json\/wp\/v2\/media?parent=26"}],"curies":[{"name":"wp","href":"https:\/\/api.w.org\/{rel}","templated":true}]}}